{"id":3866,"date":"2022-09-20T05:19:20","date_gmt":"2022-09-20T05:19:20","guid":{"rendered":"https:\/\/sdo.co.mz\/?page_id=3866"},"modified":"2025-03-15T20:46:31","modified_gmt":"2025-03-15T20:46:31","slug":"vagas","status":"publish","type":"page","link":"https:\/\/sdo.co.mz\/en\/vagas\/","title":{"rendered":"Vacancies"},"content":{"rendered":"<div data-elementor-type=\"wp-page\" data-elementor-id=\"3866\" class=\"elementor elementor-3866\" data-elementor-settings=\"{&quot;ha_cmc_init_switcher&quot;:&quot;no&quot;}\" data-elementor-post-type=\"page\">\n\t\t\t\t\t\t<section class=\"elementor-section elementor-top-section elementor-element elementor-element-b18bbc6 elementor-section-boxed elementor-section-height-default elementor-section-height-default\" data-id=\"b18bbc6\" data-element_type=\"section\" data-e-type=\"section\" data-settings=\"{&quot;_ha_eqh_enable&quot;:false}\">\n\t\t\t\t\t\t<div class=\"elementor-container elementor-column-gap-default\">\n\t\t\t\t\t<div class=\"elementor-column elementor-col-33 elementor-top-column elementor-element elementor-element-1de4d4f\" data-id=\"1de4d4f\" data-element_type=\"column\" data-e-type=\"column\">\n\t\t\t<div class=\"elementor-widget-wrap\">\n\t\t\t\t\t\t\t<\/div>\n\t\t<\/div>\n\t\t\t\t<div class=\"elementor-column elementor-col-33 elementor-top-column elementor-element elementor-element-584b2f1\" data-id=\"584b2f1\" data-element_type=\"column\" data-e-type=\"column\">\n\t\t\t<div class=\"elementor-widget-wrap\">\n\t\t\t\t\t\t\t<\/div>\n\t\t<\/div>\n\t\t\t\t<div class=\"elementor-column elementor-col-33 elementor-top-column elementor-element elementor-element-7c265f6\" data-id=\"7c265f6\" data-element_type=\"column\" data-e-type=\"column\">\n\t\t\t<div class=\"elementor-widget-wrap elementor-element-populated\">\n\t\t\t\t\t\t<div class=\"elementor-element elementor-element-83528d9 elementor-align-center elementor-mobile-align-center elementor-widget elementor-widget-global elementor-global-6098 elementor-widget-button\" data-id=\"83528d9\" data-element_type=\"widget\" data-e-type=\"widget\" data-widget_type=\"button.default\">\n\t\t\t\t<div class=\"elementor-widget-container\">\n\t\t\t\t\t\t\t\t\t<div class=\"elementor-button-wrapper\">\n\t\t\t\t\t<a class=\"elementor-button elementor-button-link elementor-size-md\" href=\"mailto:sdo@jobs.workablemail.com\">\n\t\t\t\t\t\t<span class=\"elementor-button-content-wrapper\">\n\t\t\t\t\t\t\t\t\t<span class=\"elementor-button-text\">Spontaneous Application<\/span>\n\t\t\t\t\t<\/span>\n\t\t\t\t\t<\/a>\n\t\t\t\t<\/div>\n\t\t\t\t\t\t\t\t<\/div>\n\t\t\t\t<\/div>\n\t\t\t\t<div class=\"elementor-element elementor-element-97e8a0b elementor-widget elementor-widget-spacer\" data-id=\"97e8a0b\" data-element_type=\"widget\" data-e-type=\"widget\" data-widget_type=\"spacer.default\">\n\t\t\t\t<div class=\"elementor-widget-container\">\n\t\t\t\t\t\t\t<div class=\"elementor-spacer\">\n\t\t\t<div class=\"elementor-spacer-inner\"><\/div>\n\t\t<\/div>\n\t\t\t\t\t\t<\/div>\n\t\t\t\t<\/div>\n\t\t\t\t\t<\/div>\n\t\t<\/div>\n\t\t\t\t\t<\/div>\n\t\t<\/section>\n\t\t\t\t<section class=\"elementor-section elementor-top-section elementor-element elementor-element-2c21d8b elementor-section-boxed elementor-section-height-default elementor-section-height-default\" data-id=\"2c21d8b\" data-element_type=\"section\" data-e-type=\"section\" data-settings=\"{&quot;_ha_eqh_enable&quot;:false}\">\n\t\t\t\t\t\t<div class=\"elementor-container elementor-column-gap-narrow\">\n\t\t\t\t\t<div class=\"elementor-column elementor-col-100 elementor-top-column elementor-element elementor-element-815621f\" data-id=\"815621f\" data-element_type=\"column\" data-e-type=\"column\">\n\t\t\t<div class=\"elementor-widget-wrap elementor-element-populated\">\n\t\t\t\t\t\t<div class=\"elementor-element elementor-element-634071a elementor-widget elementor-widget-html\" data-id=\"634071a\" data-element_type=\"widget\" data-e-type=\"widget\" data-widget_type=\"html.default\">\n\t\t\t\t<div class=\"elementor-widget-container\">\n\t\t\t\t\t<script src='https:\/\/www.workable.com\/assets\/embed.js' type='text\/javascript'><\/script>\n<script type='text\/javascript' charset='utf-8'>\nwhr(document).ready(function(){\nwhr_embed(575653, {detail: 'titles', base: 'jobs', zoom: 'country', grouping: 'none'});\n});\n<\/script>\n<div id=\"whr_embed_hook\"><\/div>\t\t\t\t<\/div>\n\t\t\t\t<\/div>\n\t\t\t\t\t<\/div>\n\t\t<\/div>\n\t\t\t\t\t<\/div>\n\t\t<\/section>\n\t\t\t\t<section class=\"elementor-section elementor-top-section elementor-element elementor-element-da79615 elementor-section-boxed elementor-section-height-default elementor-section-height-default\" data-id=\"da79615\" data-element_type=\"section\" data-e-type=\"section\" data-settings=\"{&quot;_ha_eqh_enable&quot;:false}\">\n\t\t\t\t\t\t<div class=\"elementor-container elementor-column-gap-default\">\n\t\t\t\t\t<div class=\"elementor-column elementor-col-100 elementor-top-column elementor-element elementor-element-966a814\" data-id=\"966a814\" data-element_type=\"column\" data-e-type=\"column\">\n\t\t\t<div class=\"elementor-widget-wrap elementor-element-populated\">\n\t\t\t\t\t\t<div class=\"elementor-element elementor-element-ef4cfec elementor-widget elementor-widget-spacer\" data-id=\"ef4cfec\" data-element_type=\"widget\" data-e-type=\"widget\" data-widget_type=\"spacer.default\">\n\t\t\t\t<div class=\"elementor-widget-container\">\n\t\t\t\t\t\t\t<div class=\"elementor-spacer\">\n\t\t\t<div class=\"elementor-spacer-inner\"><\/div>\n\t\t<\/div>\n\t\t\t\t\t\t<\/div>\n\t\t\t\t<\/div>\n\t\t\t\t\t<\/div>\n\t\t<\/div>\n\t\t\t\t\t<\/div>\n\t\t<\/section>\n\t\t\t\t<\/div>","protected":false},"excerpt":{"rendered":"<p>Spontaneous Application<\/p>","protected":false},"author":3,"featured_media":0,"parent":0,"menu_order":0,"comment_status":"closed","ping_status":"closed","template":"page-templates\/template-pagebuilder-full-width.php","meta":{"footnotes":""},"class_list":["post-3866","page","type-page","status-publish","hentry"],"yoast_head":"<!-- This site is optimized with the Yoast SEO Premium plugin v25.9 (Yoast SEO v27.3) - https:\/\/yoast.com\/product\/yoast-seo-premium-wordpress\/ -->\n<title>Vagas - SDO Mo\u00e7ambique<\/title>\n<meta name=\"description\" content=\"Fique a saber quais s\u00e3o as \u00faltimas vagas dispon\u00edveis na SDO Mo\u00e7ambique.\" \/>\n<meta name=\"robots\" content=\"index, follow, max-snippet:-1, max-image-preview:large, max-video-preview:-1\" \/>\n<link rel=\"canonical\" href=\"https:\/\/sdo.co.mz\/en\/vagas\/\" \/>\n<meta property=\"og:locale\" content=\"en_GB\" \/>\n<meta property=\"og:type\" content=\"article\" \/>\n<meta property=\"og:title\" content=\"Vagas\" \/>\n<meta property=\"og:description\" content=\"Fique a saber quais s\u00e3o as \u00faltimas vagas dispon\u00edveis na SDO Mo\u00e7ambique.\" \/>\n<meta property=\"og:url\" content=\"https:\/\/sdo.co.mz\/en\/vagas\/\" \/>\n<meta property=\"og:site_name\" content=\"SDO Mo\u00e7ambique\" \/>\n<meta property=\"article:publisher\" content=\"https:\/\/www.facebook.com\/sdo.mozambique\/\" \/>\n<meta property=\"article:modified_time\" content=\"2025-03-15T20:46:31+00:00\" \/>\n<meta name=\"twitter:card\" content=\"summary_large_image\" \/>\n<script type=\"application\/ld+json\" class=\"yoast-schema-graph\">{\"@context\":\"https:\\\/\\\/schema.org\",\"@graph\":[{\"@type\":\"WebPage\",\"@id\":\"https:\\\/\\\/sdo.co.mz\\\/vagas\\\/\",\"url\":\"https:\\\/\\\/sdo.co.mz\\\/vagas\\\/\",\"name\":\"Vagas - SDO Mo\u00e7ambique\",\"isPartOf\":{\"@id\":\"https:\\\/\\\/sdo.co.mz\\\/#website\"},\"datePublished\":\"2022-09-20T05:19:20+00:00\",\"dateModified\":\"2025-03-15T20:46:31+00:00\",\"description\":\"Fique a saber quais s\u00e3o as \u00faltimas vagas dispon\u00edveis na SDO Mo\u00e7ambique.\",\"breadcrumb\":{\"@id\":\"https:\\\/\\\/sdo.co.mz\\\/vagas\\\/#breadcrumb\"},\"inLanguage\":\"en-GB\",\"potentialAction\":[{\"@type\":\"ReadAction\",\"target\":[\"https:\\\/\\\/sdo.co.mz\\\/vagas\\\/\"]}]},{\"@type\":\"BreadcrumbList\",\"@id\":\"https:\\\/\\\/sdo.co.mz\\\/vagas\\\/#breadcrumb\",\"itemListElement\":[{\"@type\":\"ListItem\",\"position\":1,\"name\":\"In\u00edcio\",\"item\":\"https:\\\/\\\/sdo.co.mz\\\/\"},{\"@type\":\"ListItem\",\"position\":2,\"name\":\"Vagas\"}]},{\"@type\":\"WebSite\",\"@id\":\"https:\\\/\\\/sdo.co.mz\\\/#website\",\"url\":\"https:\\\/\\\/sdo.co.mz\\\/\",\"name\":\"SDO Mo\u00e7ambique\",\"description\":\"Acreditamos no valor das PESSOAS e das ORGANIZA\u00c7\u00d5ES\",\"publisher\":{\"@id\":\"https:\\\/\\\/sdo.co.mz\\\/#organization\"},\"potentialAction\":[{\"@type\":\"SearchAction\",\"target\":{\"@type\":\"EntryPoint\",\"urlTemplate\":\"https:\\\/\\\/sdo.co.mz\\\/?s={search_term_string}\"},\"query-input\":{\"@type\":\"PropertyValueSpecification\",\"valueRequired\":true,\"valueName\":\"search_term_string\"}}],\"inLanguage\":\"en-GB\"},{\"@type\":\"Organization\",\"@id\":\"https:\\\/\\\/sdo.co.mz\\\/#organization\",\"name\":\"SDO Mo\u00e7ambique\",\"url\":\"https:\\\/\\\/sdo.co.mz\\\/\",\"logo\":{\"@type\":\"ImageObject\",\"inLanguage\":\"en-GB\",\"@id\":\"https:\\\/\\\/sdo.co.mz\\\/#\\\/schema\\\/logo\\\/image\\\/\",\"url\":\"https:\\\/\\\/sdo.co.mz\\\/wp-content\\\/uploads\\\/2022\\\/05\\\/sdo_logo-01-removebg-preview.png\",\"contentUrl\":\"https:\\\/\\\/sdo.co.mz\\\/wp-content\\\/uploads\\\/2022\\\/05\\\/sdo_logo-01-removebg-preview.png\",\"width\":500,\"height\":500,\"caption\":\"SDO Mo\u00e7ambique\"},\"image\":{\"@id\":\"https:\\\/\\\/sdo.co.mz\\\/#\\\/schema\\\/logo\\\/image\\\/\"},\"sameAs\":[\"https:\\\/\\\/www.facebook.com\\\/sdo.mozambique\\\/\",\"https:\\\/\\\/www.instagram.com\\\/sdo.mozambique\\\/\",\"https:\\\/\\\/www.linkedin.com\\\/company\\\/sdo-moambique\\\/\"]}]}<\/script>\n<!-- \/ Yoast SEO Premium plugin. -->","yoast_head_json":{"title":"Vagas - SDO Mo\u00e7ambique","description":"Fique a saber quais s\u00e3o as \u00faltimas vagas dispon\u00edveis na SDO Mo\u00e7ambique.","robots":{"index":"index","follow":"follow","max-snippet":"max-snippet:-1","max-image-preview":"max-image-preview:large","max-video-preview":"max-video-preview:-1"},"canonical":"https:\/\/sdo.co.mz\/en\/vagas\/","og_locale":"en_GB","og_type":"article","og_title":"Vagas","og_description":"Fique a saber quais s\u00e3o as \u00faltimas vagas dispon\u00edveis na SDO Mo\u00e7ambique.","og_url":"https:\/\/sdo.co.mz\/en\/vagas\/","og_site_name":"SDO Mo\u00e7ambique","article_publisher":"https:\/\/www.facebook.com\/sdo.mozambique\/","article_modified_time":"2025-03-15T20:46:31+00:00","twitter_card":"summary_large_image","schema":{"@context":"https:\/\/schema.org","@graph":[{"@type":"WebPage","@id":"https:\/\/sdo.co.mz\/vagas\/","url":"https:\/\/sdo.co.mz\/vagas\/","name":"Vagas - SDO Mo\u00e7ambique","isPartOf":{"@id":"https:\/\/sdo.co.mz\/#website"},"datePublished":"2022-09-20T05:19:20+00:00","dateModified":"2025-03-15T20:46:31+00:00","description":"Fique a saber quais s\u00e3o as \u00faltimas vagas dispon\u00edveis na SDO Mo\u00e7ambique.","breadcrumb":{"@id":"https:\/\/sdo.co.mz\/vagas\/#breadcrumb"},"inLanguage":"en-GB","potentialAction":[{"@type":"ReadAction","target":["https:\/\/sdo.co.mz\/vagas\/"]}]},{"@type":"BreadcrumbList","@id":"https:\/\/sdo.co.mz\/vagas\/#breadcrumb","itemListElement":[{"@type":"ListItem","position":1,"name":"In\u00edcio","item":"https:\/\/sdo.co.mz\/"},{"@type":"ListItem","position":2,"name":"Vagas"}]},{"@type":"WebSite","@id":"https:\/\/sdo.co.mz\/#website","url":"https:\/\/sdo.co.mz\/","name":"Home - SDO Mozambique","description":"Acreditamos no valor das PESSOAS e das ORGANIZA\u00c7\u00d5ES","publisher":{"@id":"https:\/\/sdo.co.mz\/#organization"},"potentialAction":[{"@type":"SearchAction","target":{"@type":"EntryPoint","urlTemplate":"https:\/\/sdo.co.mz\/?s={search_term_string}"},"query-input":{"@type":"PropertyValueSpecification","valueRequired":true,"valueName":"search_term_string"}}],"inLanguage":"en-GB"},{"@type":"Organization","@id":"https:\/\/sdo.co.mz\/#organization","name":"Home - SDO Mozambique","url":"https:\/\/sdo.co.mz\/","logo":{"@type":"ImageObject","inLanguage":"en-GB","@id":"https:\/\/sdo.co.mz\/#\/schema\/logo\/image\/","url":"https:\/\/sdo.co.mz\/wp-content\/uploads\/2022\/05\/sdo_logo-01-removebg-preview.png","contentUrl":"https:\/\/sdo.co.mz\/wp-content\/uploads\/2022\/05\/sdo_logo-01-removebg-preview.png","width":500,"height":500,"caption":"SDO Mo\u00e7ambique"},"image":{"@id":"https:\/\/sdo.co.mz\/#\/schema\/logo\/image\/"},"sameAs":["https:\/\/www.facebook.com\/sdo.mozambique\/","https:\/\/www.instagram.com\/sdo.mozambique\/","https:\/\/www.linkedin.com\/company\/sdo-moambique\/"]}]}},"publishpress_future_workflow_manual_trigger":{"enabledWorkflows":[]},"_links":{"self":[{"href":"https:\/\/sdo.co.mz\/en\/wp-json\/wp\/v2\/pages\/3866","targetHints":{"allow":["GET"]}}],"collection":[{"href":"https:\/\/sdo.co.mz\/en\/wp-json\/wp\/v2\/pages"}],"about":[{"href":"https:\/\/sdo.co.mz\/en\/wp-json\/wp\/v2\/types\/page"}],"author":[{"embeddable":true,"href":"https:\/\/sdo.co.mz\/en\/wp-json\/wp\/v2\/users\/3"}],"replies":[{"embeddable":true,"href":"https:\/\/sdo.co.mz\/en\/wp-json\/wp\/v2\/comments?post=3866"}],"version-history":[{"count":70,"href":"https:\/\/sdo.co.mz\/en\/wp-json\/wp\/v2\/pages\/3866\/revisions"}],"predecessor-version":[{"id":18548,"href":"https:\/\/sdo.co.mz\/en\/wp-json\/wp\/v2\/pages\/3866\/revisions\/18548"}],"wp:attachment":[{"href":"https:\/\/sdo.co.mz\/en\/wp-json\/wp\/v2\/media?parent=3866"}],"curies":[{"name":"wp","href":"https:\/\/api.w.org\/{rel}","templated":true}]}}