{"id":19847,"date":"2026-02-23T00:41:33","date_gmt":"2026-02-22T22:41:33","guid":{"rendered":"https:\/\/sdo.co.mz\/?page_id=19847"},"modified":"2026-02-23T00:55:56","modified_gmt":"2026-02-22T22:55:56","slug":"politica-da-qualidade","status":"publish","type":"page","link":"https:\/\/sdo.co.mz\/es\/politica-da-qualidade\/","title":{"rendered":"Pol\u00edtica da Qualidade"},"content":{"rendered":"<div data-elementor-type=\"wp-page\" data-elementor-id=\"19847\" class=\"elementor elementor-19847\" data-elementor-settings=\"{&quot;ha_cmc_init_switcher&quot;:&quot;no&quot;}\" data-elementor-post-type=\"page\">\n\t\t\t\t<div class=\"elementor-element elementor-element-caecd7b e-flex e-con-boxed e-con e-parent\" data-id=\"caecd7b\" data-element_type=\"container\" data-e-type=\"container\" data-settings=\"{&quot;background_background&quot;:&quot;classic&quot;,&quot;_ha_eqh_enable&quot;:false}\">\n\t\t\t\t\t<div class=\"e-con-inner\">\n\t\t<div class=\"elementor-element elementor-element-c62cf45 e-con-full e-flex e-con e-child\" data-id=\"c62cf45\" data-element_type=\"container\" data-e-type=\"container\" data-settings=\"{&quot;_ha_eqh_enable&quot;:false}\">\n\t\t\t\t<div class=\"elementor-element elementor-element-b0586d7 elementor-hidden-tablet elementor-widget elementor-widget-spacer\" data-id=\"b0586d7\" data-element_type=\"widget\" data-e-type=\"widget\" data-widget_type=\"spacer.default\">\n\t\t\t\t<div class=\"elementor-widget-container\">\n\t\t\t\t\t\t\t<div class=\"elementor-spacer\">\n\t\t\t<div class=\"elementor-spacer-inner\"><\/div>\n\t\t<\/div>\n\t\t\t\t\t\t<\/div>\n\t\t\t\t<\/div>\n\t\t\t\t<div class=\"elementor-element elementor-element-2e96a2b elementor-widget elementor-widget-heading\" data-id=\"2e96a2b\" data-element_type=\"widget\" data-e-type=\"widget\" data-widget_type=\"heading.default\">\n\t\t\t\t<div class=\"elementor-widget-container\">\n\t\t\t\t\t<h1 class=\"elementor-heading-title elementor-size-default\">Pol\u00edtica da Qualidade<\/h1>\t\t\t\t<\/div>\n\t\t\t\t<\/div>\n\t\t\t\t<div class=\"elementor-element elementor-element-47ddb5b elementor-hidden-tablet elementor-widget elementor-widget-spacer\" data-id=\"47ddb5b\" data-element_type=\"widget\" data-e-type=\"widget\" data-widget_type=\"spacer.default\">\n\t\t\t\t<div class=\"elementor-widget-container\">\n\t\t\t\t\t\t\t<div class=\"elementor-spacer\">\n\t\t\t<div class=\"elementor-spacer-inner\"><\/div>\n\t\t<\/div>\n\t\t\t\t\t\t<\/div>\n\t\t\t\t<\/div>\n\t\t\t\t<\/div>\n\t\t\t\t\t<\/div>\n\t\t\t\t<\/div>\n\t\t<div class=\"elementor-element elementor-element-d74d0d7 e-flex e-con-boxed e-con e-parent\" data-id=\"d74d0d7\" data-element_type=\"container\" data-e-type=\"container\" data-settings=\"{&quot;background_background&quot;:&quot;classic&quot;,&quot;_ha_eqh_enable&quot;:false}\">\n\t\t\t\t\t<div class=\"e-con-inner\">\n\t\t<div class=\"elementor-element elementor-element-806ae62 e-con-full e-flex e-con e-child\" data-id=\"806ae62\" data-element_type=\"container\" data-e-type=\"container\" data-settings=\"{&quot;_ha_eqh_enable&quot;:false}\">\n\t\t\t\t<div class=\"elementor-element elementor-element-f848690 elementor-widget elementor-widget-text-editor\" data-id=\"f848690\" data-element_type=\"widget\" data-e-type=\"widget\" data-widget_type=\"text-editor.default\">\n\t\t\t\t<div class=\"elementor-widget-container\">\n\t\t\t\t\t\t\t\t\t<p data-start=\"480\" data-end=\"832\">A SDO Mo\u00e7ambique adota uma <strong data-start=\"507\" data-end=\"532\">Pol\u00edtica da Qualidade<\/strong> integrada no seu <strong data-start=\"550\" data-end=\"584\">Sistema de Gest\u00e3o da Qualidade<\/strong>, estruturado de acordo com os princ\u00edpios da <strong data-start=\"629\" data-end=\"647\">norma ISO 9001<\/strong> e alinhado com os requisitos legais e regulamentares aplic\u00e1veis em Mo\u00e7ambique. Esta pol\u00edtica orienta a actua\u00e7\u00e3o da organiza\u00e7\u00e3o na planifica\u00e7\u00e3o e operacionaliza\u00e7\u00e3o das suas actividades.<\/p><p data-start=\"834\" data-end=\"1090\">O documento estabelece as premissas e compromissos que norteiam a organiza\u00e7\u00e3o, incluindo a <strong data-start=\"925\" data-end=\"963\">satisfa\u00e7\u00e3o das partes interessadas<\/strong>, a <strong data-start=\"967\" data-end=\"1002\">melhoria cont\u00ednua do desempenho<\/strong>, o <strong data-start=\"1006\" data-end=\"1041\">desenvolvimento de compet\u00eancias<\/strong> e a <strong data-start=\"1046\" data-end=\"1089\">tomada de decis\u00e3o baseada em evid\u00eancias<\/strong>.<\/p><p data-start=\"1092\" data-end=\"1234\">Para consulta integral, a Pol\u00edtica da Qualidade encontra-se dispon\u00edvel abaixo, em <strong data-start=\"1174\" data-end=\"1193\">formato oficial<\/strong>, para visualiza\u00e7\u00e3o directa nesta p\u00e1gina.<\/p>\t\t\t\t\t\t\t\t<\/div>\n\t\t\t\t<\/div>\n\t\t\t\t<div class=\"elementor-element elementor-element-d43883c elementor-widget elementor-widget-embedpress_pdf\" data-id=\"d43883c\" data-element_type=\"widget\" data-e-type=\"widget\" data-widget_type=\"embedpress_pdf.default\">\n\t\t\t\t<div class=\"elementor-widget-container\">\n\t\t\t\t\t    <div class=\"embedpress-document-embed ep-doc-d1f448b03c9bca2fc8541252ac19b150 ose-document emebedpress-unit-percent\" data-thememode=\"default\" data-customcolor=\"\" data-toolbar=\"yes\" data-toolbar-position=\"top\" data-open=\"no\" data-presentation-mode=\"yes\" data-download=\"yes\" data-copy=\"yes\" data-add-image=\"\" data-rotate=\"yes\" data-details=\"\" data-id=\"embedpress-pdf-d43883c\" data-selection-tool=\"0\" data-scrolling=\"0\" data-spreads=\"-1\" style=\" max-width:100%; display: inline-block\">\n\n        \n                <div >\n\n                    <div id=\"ep-elementor-content-d43883c\" class=\"ep-elementor-content   ep-percentage-width   ep-content-protection-disabled\">\n                        <div id=\"d43883c\" class=\"ep-embed-content-wraper\">\n                            <div><iframe title=\"Pol\u00edtica da Qualidade | SDO Mo\u00e7ambique | ISO 9001\" class=\"embedpress-embed-document-pdf embedpress-pdf-d43883c\" style=\"width: 600%!important;height: 1080px;; max-width:100%; display: inline-block\" src=\"https:\/\/sdo.co.mz\/wp-admin\/admin-ajax.php?action=get_viewer&#038;file=https%3A%2F%2Fsdo.co.mz%2Fwp-content%2Fuploads%2F2026%2F02%2Fpolitica-da-qualidade-sdo-mocambique-iso-9001-2025.pdf&#038;scrolling=0&#038;selection_tool=0&#038;spreads=-1#key=dGhlbWVNb2RlPWRlZmF1bHQmdG9vbGJhcj10cnVlJnBvc2l0aW9uPXRvcCZwcmVzZW50YXRpb249dHJ1ZSZsYXp5TG9hZD10cnVlJmRvd25sb2FkPXRydWUmY29weV90ZXh0PXRydWUmYWRkX3RleHQ9ZmFsc2UmZHJhdz10cnVlJmFkZF9pbWFnZT1mYWxzZSZwZGZfcm90YXRpb249dHJ1ZSZwZGZfZGV0YWlscz1mYWxzZSZ6b29tX2luPXRydWUmem9vbV9vdXQ9dHJ1ZSZmaXRfdmlldz10cnVlJmJvb2ttYXJrPXRydWUmc291bmQ9dHJ1ZSZmbGlwYm9va190b29sYmFyX3Bvc2l0aW9uPWJvdHRvbSZzZWxlY3Rpb25fdG9vbD0wJnNjcm9sbGluZz0wJnNwcmVhZHM9LTEmaXNfcHJvX2FjdGl2ZT0w&#038;zoom=auto\" data-emid=\"embedpress-pdf-d43883c\" data-embed-type=\"PDF\" frameborder=\"0\"><\/iframe><\/div>                        <\/div>\n\n                    <\/div>\n\n\n                   \n                <\/div>\n            \n    <\/div>\n\n\t\t\t\t<\/div>\n\t\t\t\t<\/div>\n\t\t\t\t<div class=\"elementor-element elementor-element-b424f34 elementor-widget elementor-widget-spacer\" data-id=\"b424f34\" data-element_type=\"widget\" data-e-type=\"widget\" data-widget_type=\"spacer.default\">\n\t\t\t\t<div class=\"elementor-widget-container\">\n\t\t\t\t\t\t\t<div class=\"elementor-spacer\">\n\t\t\t<div class=\"elementor-spacer-inner\"><\/div>\n\t\t<\/div>\n\t\t\t\t\t\t<\/div>\n\t\t\t\t<\/div>\n\t\t\t\t<\/div>\n\t\t\t\t\t<\/div>\n\t\t\t\t<\/div>\n\t\t<div class=\"elementor-element elementor-element-ae540b1 e-flex e-con-boxed e-con e-parent\" data-id=\"ae540b1\" data-element_type=\"container\" data-e-type=\"container\" data-settings=\"{&quot;background_background&quot;:&quot;classic&quot;,&quot;_ha_eqh_enable&quot;:false}\">\n\t\t\t\t\t<div class=\"e-con-inner\">\n\t\t<div class=\"elementor-element elementor-element-6fdffe7 e-con-full e-flex e-con e-child\" data-id=\"6fdffe7\" data-element_type=\"container\" data-e-type=\"container\" data-settings=\"{&quot;_ha_eqh_enable&quot;:false}\">\n\t\t\t\t<div class=\"elementor-element elementor-element-718fc96 elementor-widget elementor-widget-spacer\" data-id=\"718fc96\" data-element_type=\"widget\" data-e-type=\"widget\" data-widget_type=\"spacer.default\">\n\t\t\t\t<div class=\"elementor-widget-container\">\n\t\t\t\t\t\t\t<div class=\"elementor-spacer\">\n\t\t\t<div class=\"elementor-spacer-inner\"><\/div>\n\t\t<\/div>\n\t\t\t\t\t\t<\/div>\n\t\t\t\t<\/div>\n\t\t\t\t<\/div>\n\t\t\t\t\t<\/div>\n\t\t\t\t<\/div>\n\t\t\t\t<\/div>","protected":false},"excerpt":{"rendered":"<p>Pol\u00edtica da Qualidade A SDO Mo\u00e7ambique adota uma Pol\u00edtica da Qualidade integrada no seu Sistema de Gest\u00e3o da Qualidade, estruturado de acordo com os princ\u00edpios da norma ISO 9001 e alinhado com os requisitos legais e regulamentares aplic\u00e1veis em Mo\u00e7ambique. Esta pol\u00edtica orienta a actua\u00e7\u00e3o da organiza\u00e7\u00e3o na planifica\u00e7\u00e3o e [&hellip;]<\/p>\n","protected":false},"author":1468,"featured_media":0,"parent":0,"menu_order":0,"comment_status":"closed","ping_status":"closed","template":"page-templates\/template-pagebuilder-full-width.php","meta":{"footnotes":""},"class_list":["post-19847","page","type-page","status-publish","hentry"],"yoast_head":"<!-- This site is optimized with the Yoast SEO Premium plugin v25.9 (Yoast SEO v27.3) - https:\/\/yoast.com\/product\/yoast-seo-premium-wordpress\/ -->\n<title>Pol\u00edtica da Qualidade - SDO Mo\u00e7ambique<\/title>\n<meta name=\"robots\" content=\"index, follow, max-snippet:-1, max-image-preview:large, max-video-preview:-1\" \/>\n<link rel=\"canonical\" href=\"https:\/\/sdo.co.mz\/es\/politica-da-qualidade\/\" \/>\n<meta property=\"og:locale\" content=\"es_ES\" \/>\n<meta property=\"og:type\" content=\"article\" \/>\n<meta property=\"og:title\" content=\"Pol\u00edtica da Qualidade\" \/>\n<meta property=\"og:description\" content=\"Pol\u00edtica da Qualidade A SDO Mo\u00e7ambique adota uma Pol\u00edtica da Qualidade integrada no seu Sistema de Gest\u00e3o da Qualidade, estruturado de acordo com os princ\u00edpios da norma ISO 9001 e alinhado com os requisitos legais e regulamentares aplic\u00e1veis em Mo\u00e7ambique. Esta pol\u00edtica orienta a actua\u00e7\u00e3o da organiza\u00e7\u00e3o na planifica\u00e7\u00e3o e [&hellip;]\" \/>\n<meta property=\"og:url\" content=\"https:\/\/sdo.co.mz\/es\/politica-da-qualidade\/\" \/>\n<meta property=\"og:site_name\" content=\"SDO Mo\u00e7ambique\" \/>\n<meta property=\"article:publisher\" content=\"https:\/\/www.facebook.com\/sdo.mozambique\/\" \/>\n<meta property=\"article:modified_time\" content=\"2026-02-22T22:55:56+00:00\" \/>\n<meta name=\"twitter:card\" content=\"summary_large_image\" \/>\n<meta name=\"twitter:label1\" content=\"Tiempo de lectura\" \/>\n\t<meta name=\"twitter:data1\" content=\"1 minuto\" \/>\n<script type=\"application\/ld+json\" class=\"yoast-schema-graph\">{\"@context\":\"https:\\\/\\\/schema.org\",\"@graph\":[{\"@type\":\"WebPage\",\"@id\":\"https:\\\/\\\/sdo.co.mz\\\/politica-da-qualidade\\\/\",\"url\":\"https:\\\/\\\/sdo.co.mz\\\/politica-da-qualidade\\\/\",\"name\":\"Pol\u00edtica da Qualidade - SDO Mo\u00e7ambique\",\"isPartOf\":{\"@id\":\"https:\\\/\\\/sdo.co.mz\\\/#website\"},\"datePublished\":\"2026-02-22T22:41:33+00:00\",\"dateModified\":\"2026-02-22T22:55:56+00:00\",\"breadcrumb\":{\"@id\":\"https:\\\/\\\/sdo.co.mz\\\/politica-da-qualidade\\\/#breadcrumb\"},\"inLanguage\":\"es\",\"potentialAction\":[{\"@type\":\"ReadAction\",\"target\":[\"https:\\\/\\\/sdo.co.mz\\\/politica-da-qualidade\\\/\"]}]},{\"@type\":\"BreadcrumbList\",\"@id\":\"https:\\\/\\\/sdo.co.mz\\\/politica-da-qualidade\\\/#breadcrumb\",\"itemListElement\":[{\"@type\":\"ListItem\",\"position\":1,\"name\":\"In\u00edcio\",\"item\":\"https:\\\/\\\/sdo.co.mz\\\/\"},{\"@type\":\"ListItem\",\"position\":2,\"name\":\"Pol\u00edtica da Qualidade\"}]},{\"@type\":\"WebSite\",\"@id\":\"https:\\\/\\\/sdo.co.mz\\\/#website\",\"url\":\"https:\\\/\\\/sdo.co.mz\\\/\",\"name\":\"SDO Mo\u00e7ambique\",\"description\":\"Acreditamos no valor das PESSOAS e das ORGANIZA\u00c7\u00d5ES\",\"publisher\":{\"@id\":\"https:\\\/\\\/sdo.co.mz\\\/#organization\"},\"potentialAction\":[{\"@type\":\"SearchAction\",\"target\":{\"@type\":\"EntryPoint\",\"urlTemplate\":\"https:\\\/\\\/sdo.co.mz\\\/?s={search_term_string}\"},\"query-input\":{\"@type\":\"PropertyValueSpecification\",\"valueRequired\":true,\"valueName\":\"search_term_string\"}}],\"inLanguage\":\"es\"},{\"@type\":\"Organization\",\"@id\":\"https:\\\/\\\/sdo.co.mz\\\/#organization\",\"name\":\"SDO Mo\u00e7ambique\",\"url\":\"https:\\\/\\\/sdo.co.mz\\\/\",\"logo\":{\"@type\":\"ImageObject\",\"inLanguage\":\"es\",\"@id\":\"https:\\\/\\\/sdo.co.mz\\\/#\\\/schema\\\/logo\\\/image\\\/\",\"url\":\"https:\\\/\\\/sdo.co.mz\\\/wp-content\\\/uploads\\\/2022\\\/05\\\/sdo_logo-01-removebg-preview.png\",\"contentUrl\":\"https:\\\/\\\/sdo.co.mz\\\/wp-content\\\/uploads\\\/2022\\\/05\\\/sdo_logo-01-removebg-preview.png\",\"width\":500,\"height\":500,\"caption\":\"SDO Mo\u00e7ambique\"},\"image\":{\"@id\":\"https:\\\/\\\/sdo.co.mz\\\/#\\\/schema\\\/logo\\\/image\\\/\"},\"sameAs\":[\"https:\\\/\\\/www.facebook.com\\\/sdo.mozambique\\\/\",\"https:\\\/\\\/www.instagram.com\\\/sdo.mozambique\\\/\",\"https:\\\/\\\/www.linkedin.com\\\/company\\\/sdo-moambique\\\/\"]}]}<\/script>\n<!-- \/ Yoast SEO Premium plugin. -->","yoast_head_json":{"title":"Pol\u00edtica da Qualidade - SDO Mo\u00e7ambique","robots":{"index":"index","follow":"follow","max-snippet":"max-snippet:-1","max-image-preview":"max-image-preview:large","max-video-preview":"max-video-preview:-1"},"canonical":"https:\/\/sdo.co.mz\/es\/politica-da-qualidade\/","og_locale":"es_ES","og_type":"article","og_title":"Pol\u00edtica da Qualidade","og_description":"Pol\u00edtica da Qualidade A SDO Mo\u00e7ambique adota uma Pol\u00edtica da Qualidade integrada no seu Sistema de Gest\u00e3o da Qualidade, estruturado de acordo com os princ\u00edpios da norma ISO 9001 e alinhado com os requisitos legais e regulamentares aplic\u00e1veis em Mo\u00e7ambique. Esta pol\u00edtica orienta a actua\u00e7\u00e3o da organiza\u00e7\u00e3o na planifica\u00e7\u00e3o e [&hellip;]","og_url":"https:\/\/sdo.co.mz\/es\/politica-da-qualidade\/","og_site_name":"SDO Mo\u00e7ambique","article_publisher":"https:\/\/www.facebook.com\/sdo.mozambique\/","article_modified_time":"2026-02-22T22:55:56+00:00","twitter_card":"summary_large_image","twitter_misc":{"Tiempo de lectura":"1 minuto"},"schema":{"@context":"https:\/\/schema.org","@graph":[{"@type":"WebPage","@id":"https:\/\/sdo.co.mz\/politica-da-qualidade\/","url":"https:\/\/sdo.co.mz\/politica-da-qualidade\/","name":"Pol\u00edtica da Qualidade - SDO Mo\u00e7ambique","isPartOf":{"@id":"https:\/\/sdo.co.mz\/#website"},"datePublished":"2026-02-22T22:41:33+00:00","dateModified":"2026-02-22T22:55:56+00:00","breadcrumb":{"@id":"https:\/\/sdo.co.mz\/politica-da-qualidade\/#breadcrumb"},"inLanguage":"es","potentialAction":[{"@type":"ReadAction","target":["https:\/\/sdo.co.mz\/politica-da-qualidade\/"]}]},{"@type":"BreadcrumbList","@id":"https:\/\/sdo.co.mz\/politica-da-qualidade\/#breadcrumb","itemListElement":[{"@type":"ListItem","position":1,"name":"In\u00edcio","item":"https:\/\/sdo.co.mz\/"},{"@type":"ListItem","position":2,"name":"Pol\u00edtica da Qualidade"}]},{"@type":"WebSite","@id":"https:\/\/sdo.co.mz\/#website","url":"https:\/\/sdo.co.mz\/","name":"Inicio - SDO Mozambique","description":"Acreditamos no valor das PESSOAS e das ORGANIZA\u00c7\u00d5ES","publisher":{"@id":"https:\/\/sdo.co.mz\/#organization"},"potentialAction":[{"@type":"SearchAction","target":{"@type":"EntryPoint","urlTemplate":"https:\/\/sdo.co.mz\/?s={search_term_string}"},"query-input":{"@type":"PropertyValueSpecification","valueRequired":true,"valueName":"search_term_string"}}],"inLanguage":"es"},{"@type":"Organization","@id":"https:\/\/sdo.co.mz\/#organization","name":"Inicio - SDO Mozambique","url":"https:\/\/sdo.co.mz\/","logo":{"@type":"ImageObject","inLanguage":"es","@id":"https:\/\/sdo.co.mz\/#\/schema\/logo\/image\/","url":"https:\/\/sdo.co.mz\/wp-content\/uploads\/2022\/05\/sdo_logo-01-removebg-preview.png","contentUrl":"https:\/\/sdo.co.mz\/wp-content\/uploads\/2022\/05\/sdo_logo-01-removebg-preview.png","width":500,"height":500,"caption":"SDO Mo\u00e7ambique"},"image":{"@id":"https:\/\/sdo.co.mz\/#\/schema\/logo\/image\/"},"sameAs":["https:\/\/www.facebook.com\/sdo.mozambique\/","https:\/\/www.instagram.com\/sdo.mozambique\/","https:\/\/www.linkedin.com\/company\/sdo-moambique\/"]}]}},"publishpress_future_workflow_manual_trigger":{"enabledWorkflows":[]},"_links":{"self":[{"href":"https:\/\/sdo.co.mz\/es\/wp-json\/wp\/v2\/pages\/19847","targetHints":{"allow":["GET"]}}],"collection":[{"href":"https:\/\/sdo.co.mz\/es\/wp-json\/wp\/v2\/pages"}],"about":[{"href":"https:\/\/sdo.co.mz\/es\/wp-json\/wp\/v2\/types\/page"}],"author":[{"embeddable":true,"href":"https:\/\/sdo.co.mz\/es\/wp-json\/wp\/v2\/users\/1468"}],"replies":[{"embeddable":true,"href":"https:\/\/sdo.co.mz\/es\/wp-json\/wp\/v2\/comments?post=19847"}],"version-history":[{"count":7,"href":"https:\/\/sdo.co.mz\/es\/wp-json\/wp\/v2\/pages\/19847\/revisions"}],"predecessor-version":[{"id":19856,"href":"https:\/\/sdo.co.mz\/es\/wp-json\/wp\/v2\/pages\/19847\/revisions\/19856"}],"wp:attachment":[{"href":"https:\/\/sdo.co.mz\/es\/wp-json\/wp\/v2\/media?parent=19847"}],"curies":[{"name":"wp","href":"https:\/\/api.w.org\/{rel}","templated":true}]}}