{"id":3065,"date":"2022-05-19T15:35:07","date_gmt":"2022-05-19T15:35:07","guid":{"rendered":"https:\/\/sdo.chuinga.com\/?page_id=3065"},"modified":"2022-06-09T11:43:04","modified_gmt":"2022-06-09T11:43:04","slug":"gestion-del-servicio-al-cliente","status":"publish","type":"page","link":"https:\/\/sdo.co.mz\/es\/gestion-del-servicio-al-cliente\/","title":{"rendered":"Gesti\u00f3n del Servicio al Cliente"},"content":{"rendered":"<div data-elementor-type=\"wp-page\" data-elementor-id=\"3065\" class=\"elementor elementor-3065\" data-elementor-settings=\"{&quot;ha_cmc_init_switcher&quot;:&quot;no&quot;}\" data-elementor-post-type=\"page\">\n\t\t\t\t\t\t<section class=\"elementor-section elementor-top-section elementor-element elementor-element-767fd3a0 elementor-section-height-full elementor-section-boxed elementor-section-height-default elementor-section-items-middle\" data-id=\"767fd3a0\" data-element_type=\"section\" data-e-type=\"section\" data-settings=\"{&quot;background_background&quot;:&quot;classic&quot;,&quot;_ha_eqh_enable&quot;:false}\">\n\t\t\t\t\t\t<div class=\"elementor-container elementor-column-gap-default\">\n\t\t\t\t\t<div class=\"elementor-column elementor-col-100 elementor-top-column elementor-element elementor-element-29d03ee8\" data-id=\"29d03ee8\" data-element_type=\"column\" data-e-type=\"column\">\n\t\t\t<div class=\"elementor-widget-wrap elementor-element-populated\">\n\t\t\t\t\t\t<div class=\"elementor-element elementor-element-686a0ab elementor-widget elementor-widget-spacer\" data-id=\"686a0ab\" data-element_type=\"widget\" data-e-type=\"widget\" data-widget_type=\"spacer.default\">\n\t\t\t\t<div class=\"elementor-widget-container\">\n\t\t\t\t\t\t\t<div class=\"elementor-spacer\">\n\t\t\t<div class=\"elementor-spacer-inner\"><\/div>\n\t\t<\/div>\n\t\t\t\t\t\t<\/div>\n\t\t\t\t<\/div>\n\t\t\t\t<div class=\"elementor-element elementor-element-29133f49 elementor-widget elementor-widget-heading\" data-id=\"29133f49\" data-element_type=\"widget\" data-e-type=\"widget\" data-widget_type=\"heading.default\">\n\t\t\t\t<div class=\"elementor-widget-container\">\n\t\t\t\t\t<h2 class=\"elementor-heading-title elementor-size-default\">Gesti\u00f3n del Servicio al Cliente<\/h2>\t\t\t\t<\/div>\n\t\t\t\t<\/div>\n\t\t\t\t<div class=\"elementor-element elementor-element-755d6543 elementor-widget elementor-widget-text-editor\" data-id=\"755d6543\" data-element_type=\"widget\" data-e-type=\"widget\" data-widget_type=\"text-editor.default\">\n\t\t\t\t<div class=\"elementor-widget-container\">\n\t\t\t\t\t\t\t\t\t<p>Estudios de Satisfacci\u00f3n de Clientes<\/p><p><br \/>Cliente Misterioso<\/p><p><br \/>Gesti\u00f3n de Call Centers<\/p><p><br \/>Auditor\u00eda de Calidad de Call Centers<\/p>\t\t\t\t\t\t\t\t<\/div>\n\t\t\t\t<\/div>\n\t\t\t\t<div class=\"elementor-element elementor-element-6d74f0ec elementor-widget elementor-widget-spacer\" data-id=\"6d74f0ec\" data-element_type=\"widget\" data-e-type=\"widget\" data-widget_type=\"spacer.default\">\n\t\t\t\t<div class=\"elementor-widget-container\">\n\t\t\t\t\t\t\t<div class=\"elementor-spacer\">\n\t\t\t<div class=\"elementor-spacer-inner\"><\/div>\n\t\t<\/div>\n\t\t\t\t\t\t<\/div>\n\t\t\t\t<\/div>\n\t\t\t\t\t<\/div>\n\t\t<\/div>\n\t\t\t\t\t<\/div>\n\t\t<\/section>\n\t\t\t\t<\/div>","protected":false},"excerpt":{"rendered":"<p>Gesti\u00f3n del Servicio al Cliente Estudios de Satisfacci\u00f3n de Clientes Cliente Misterioso Gesti\u00f3n de Call Centers Auditor\u00eda de Calidad de Call Centers<\/p>","protected":false},"author":3,"featured_media":0,"parent":0,"menu_order":0,"comment_status":"closed","ping_status":"closed","template":"page-templates\/template-pagebuilder-full-width.php","meta":{"footnotes":""},"class_list":["post-3065","page","type-page","status-publish","hentry"],"yoast_head":"<!-- This site is optimized with the Yoast SEO Premium plugin v25.9 (Yoast SEO v27.3) - https:\/\/yoast.com\/product\/yoast-seo-premium-wordpress\/ -->\n<title>Gest\u00e3o do Servi\u00e7o ao Cliente - SDO Mo\u00e7ambique<\/title>\n<meta name=\"robots\" content=\"index, follow, max-snippet:-1, max-image-preview:large, max-video-preview:-1\" \/>\n<link rel=\"canonical\" href=\"https:\/\/sdo.co.mz\/es\/gestion-del-servicio-al-cliente\/\" \/>\n<meta property=\"og:locale\" content=\"es_ES\" \/>\n<meta property=\"og:type\" content=\"article\" \/>\n<meta property=\"og:title\" content=\"Gest\u00e3o do Servi\u00e7o ao Cliente\" \/>\n<meta property=\"og:description\" content=\"Gest\u00e3o de Servi\u00e7o ao Cliente Estudos de satisfa\u00e7\u00e3o dos clientes Cliente Mist\u00e9rio Gest\u00e3o de Call-Centers Auditoria de Qualidade de Call-Centers\" \/>\n<meta property=\"og:url\" content=\"https:\/\/sdo.co.mz\/es\/gestion-del-servicio-al-cliente\/\" \/>\n<meta property=\"og:site_name\" content=\"SDO Mo\u00e7ambique\" \/>\n<meta property=\"article:publisher\" content=\"https:\/\/www.facebook.com\/sdo.mozambique\/\" \/>\n<meta property=\"article:modified_time\" content=\"2022-06-09T11:43:04+00:00\" \/>\n<meta name=\"twitter:card\" content=\"summary_large_image\" \/>\n<meta name=\"twitter:label1\" content=\"Tiempo de lectura\" \/>\n\t<meta name=\"twitter:data1\" content=\"1 minuto\" \/>\n<script type=\"application\/ld+json\" class=\"yoast-schema-graph\">{\"@context\":\"https:\\\/\\\/schema.org\",\"@graph\":[{\"@type\":\"WebPage\",\"@id\":\"https:\\\/\\\/sdo.co.mz\\\/gestao-do-servico-ao-cliente\\\/\",\"url\":\"https:\\\/\\\/sdo.co.mz\\\/gestao-do-servico-ao-cliente\\\/\",\"name\":\"Gest\u00e3o do Servi\u00e7o ao Cliente - SDO Mo\u00e7ambique\",\"isPartOf\":{\"@id\":\"https:\\\/\\\/sdo.co.mz\\\/#website\"},\"datePublished\":\"2022-05-19T15:35:07+00:00\",\"dateModified\":\"2022-06-09T11:43:04+00:00\",\"breadcrumb\":{\"@id\":\"https:\\\/\\\/sdo.co.mz\\\/gestao-do-servico-ao-cliente\\\/#breadcrumb\"},\"inLanguage\":\"es\",\"potentialAction\":[{\"@type\":\"ReadAction\",\"target\":[\"https:\\\/\\\/sdo.co.mz\\\/gestao-do-servico-ao-cliente\\\/\"]}]},{\"@type\":\"BreadcrumbList\",\"@id\":\"https:\\\/\\\/sdo.co.mz\\\/gestao-do-servico-ao-cliente\\\/#breadcrumb\",\"itemListElement\":[{\"@type\":\"ListItem\",\"position\":1,\"name\":\"In\u00edcio\",\"item\":\"https:\\\/\\\/sdo.co.mz\\\/\"},{\"@type\":\"ListItem\",\"position\":2,\"name\":\"Gest\u00e3o do Servi\u00e7o ao Cliente\"}]},{\"@type\":\"WebSite\",\"@id\":\"https:\\\/\\\/sdo.co.mz\\\/#website\",\"url\":\"https:\\\/\\\/sdo.co.mz\\\/\",\"name\":\"SDO Mo\u00e7ambique\",\"description\":\"Acreditamos no valor das PESSOAS e das ORGANIZA\u00c7\u00d5ES\",\"publisher\":{\"@id\":\"https:\\\/\\\/sdo.co.mz\\\/#organization\"},\"potentialAction\":[{\"@type\":\"SearchAction\",\"target\":{\"@type\":\"EntryPoint\",\"urlTemplate\":\"https:\\\/\\\/sdo.co.mz\\\/?s={search_term_string}\"},\"query-input\":{\"@type\":\"PropertyValueSpecification\",\"valueRequired\":true,\"valueName\":\"search_term_string\"}}],\"inLanguage\":\"es\"},{\"@type\":\"Organization\",\"@id\":\"https:\\\/\\\/sdo.co.mz\\\/#organization\",\"name\":\"SDO Mo\u00e7ambique\",\"url\":\"https:\\\/\\\/sdo.co.mz\\\/\",\"logo\":{\"@type\":\"ImageObject\",\"inLanguage\":\"es\",\"@id\":\"https:\\\/\\\/sdo.co.mz\\\/#\\\/schema\\\/logo\\\/image\\\/\",\"url\":\"https:\\\/\\\/sdo.co.mz\\\/wp-content\\\/uploads\\\/2022\\\/05\\\/sdo_logo-01-removebg-preview.png\",\"contentUrl\":\"https:\\\/\\\/sdo.co.mz\\\/wp-content\\\/uploads\\\/2022\\\/05\\\/sdo_logo-01-removebg-preview.png\",\"width\":500,\"height\":500,\"caption\":\"SDO Mo\u00e7ambique\"},\"image\":{\"@id\":\"https:\\\/\\\/sdo.co.mz\\\/#\\\/schema\\\/logo\\\/image\\\/\"},\"sameAs\":[\"https:\\\/\\\/www.facebook.com\\\/sdo.mozambique\\\/\",\"https:\\\/\\\/www.instagram.com\\\/sdo.mozambique\\\/\",\"https:\\\/\\\/www.linkedin.com\\\/company\\\/sdo-moambique\\\/\"]}]}<\/script>\n<!-- \/ Yoast SEO Premium plugin. -->","yoast_head_json":{"title":"Gesti\u00f3n del Servicio al Cliente - SDO Mozambique","robots":{"index":"index","follow":"follow","max-snippet":"max-snippet:-1","max-image-preview":"max-image-preview:large","max-video-preview":"max-video-preview:-1"},"canonical":"https:\/\/sdo.co.mz\/es\/gestion-del-servicio-al-cliente\/","og_locale":"es_ES","og_type":"article","og_title":"Gest\u00e3o do Servi\u00e7o ao Cliente","og_description":"Gest\u00e3o de Servi\u00e7o ao Cliente Estudos de satisfa\u00e7\u00e3o dos clientes Cliente Mist\u00e9rio Gest\u00e3o de Call-Centers Auditoria de Qualidade de Call-Centers","og_url":"https:\/\/sdo.co.mz\/es\/gestion-del-servicio-al-cliente\/","og_site_name":"SDO Mo\u00e7ambique","article_publisher":"https:\/\/www.facebook.com\/sdo.mozambique\/","article_modified_time":"2022-06-09T11:43:04+00:00","twitter_card":"summary_large_image","twitter_misc":{"Tiempo de lectura":"1 minuto"},"schema":{"@context":"https:\/\/schema.org","@graph":[{"@type":"WebPage","@id":"https:\/\/sdo.co.mz\/gestao-do-servico-ao-cliente\/","url":"https:\/\/sdo.co.mz\/gestao-do-servico-ao-cliente\/","name":"Gesti\u00f3n del Servicio al Cliente - SDO Mozambique","isPartOf":{"@id":"https:\/\/sdo.co.mz\/#website"},"datePublished":"2022-05-19T15:35:07+00:00","dateModified":"2022-06-09T11:43:04+00:00","breadcrumb":{"@id":"https:\/\/sdo.co.mz\/gestao-do-servico-ao-cliente\/#breadcrumb"},"inLanguage":"es","potentialAction":[{"@type":"ReadAction","target":["https:\/\/sdo.co.mz\/gestao-do-servico-ao-cliente\/"]}]},{"@type":"BreadcrumbList","@id":"https:\/\/sdo.co.mz\/gestao-do-servico-ao-cliente\/#breadcrumb","itemListElement":[{"@type":"ListItem","position":1,"name":"In\u00edcio","item":"https:\/\/sdo.co.mz\/"},{"@type":"ListItem","position":2,"name":"Gest\u00e3o do Servi\u00e7o ao Cliente"}]},{"@type":"WebSite","@id":"https:\/\/sdo.co.mz\/#website","url":"https:\/\/sdo.co.mz\/","name":"Inicio - SDO Mozambique","description":"Acreditamos no valor das PESSOAS e das ORGANIZA\u00c7\u00d5ES","publisher":{"@id":"https:\/\/sdo.co.mz\/#organization"},"potentialAction":[{"@type":"SearchAction","target":{"@type":"EntryPoint","urlTemplate":"https:\/\/sdo.co.mz\/?s={search_term_string}"},"query-input":{"@type":"PropertyValueSpecification","valueRequired":true,"valueName":"search_term_string"}}],"inLanguage":"es"},{"@type":"Organization","@id":"https:\/\/sdo.co.mz\/#organization","name":"Inicio - SDO Mozambique","url":"https:\/\/sdo.co.mz\/","logo":{"@type":"ImageObject","inLanguage":"es","@id":"https:\/\/sdo.co.mz\/#\/schema\/logo\/image\/","url":"https:\/\/sdo.co.mz\/wp-content\/uploads\/2022\/05\/sdo_logo-01-removebg-preview.png","contentUrl":"https:\/\/sdo.co.mz\/wp-content\/uploads\/2022\/05\/sdo_logo-01-removebg-preview.png","width":500,"height":500,"caption":"SDO Mo\u00e7ambique"},"image":{"@id":"https:\/\/sdo.co.mz\/#\/schema\/logo\/image\/"},"sameAs":["https:\/\/www.facebook.com\/sdo.mozambique\/","https:\/\/www.instagram.com\/sdo.mozambique\/","https:\/\/www.linkedin.com\/company\/sdo-moambique\/"]}]}},"publishpress_future_workflow_manual_trigger":{"enabledWorkflows":[]},"_links":{"self":[{"href":"https:\/\/sdo.co.mz\/es\/wp-json\/wp\/v2\/pages\/3065","targetHints":{"allow":["GET"]}}],"collection":[{"href":"https:\/\/sdo.co.mz\/es\/wp-json\/wp\/v2\/pages"}],"about":[{"href":"https:\/\/sdo.co.mz\/es\/wp-json\/wp\/v2\/types\/page"}],"author":[{"embeddable":true,"href":"https:\/\/sdo.co.mz\/es\/wp-json\/wp\/v2\/users\/3"}],"replies":[{"embeddable":true,"href":"https:\/\/sdo.co.mz\/es\/wp-json\/wp\/v2\/comments?post=3065"}],"version-history":[{"count":23,"href":"https:\/\/sdo.co.mz\/es\/wp-json\/wp\/v2\/pages\/3065\/revisions"}],"predecessor-version":[{"id":3748,"href":"https:\/\/sdo.co.mz\/es\/wp-json\/wp\/v2\/pages\/3065\/revisions\/3748"}],"wp:attachment":[{"href":"https:\/\/sdo.co.mz\/es\/wp-json\/wp\/v2\/media?parent=3065"}],"curies":[{"name":"wp","href":"https:\/\/api.w.org\/{rel}","templated":true}]}}